{"id":141,"date":"2024-09-09T16:41:04","date_gmt":"2024-09-09T14:41:04","guid":{"rendered":"https:\/\/xn--arquitecturaydiseo-30b.es\/?page_id=141"},"modified":"2024-11-15T19:19:39","modified_gmt":"2024-11-15T18:19:39","slug":"nosotros","status":"publish","type":"page","link":"https:\/\/xn--arquitecturaydiseo-30b.es\/en\/nosotros\/","title":{"rendered":"We"},"content":{"rendered":"<div data-elementor-type=\"wp-page\" data-elementor-id=\"141\" class=\"elementor elementor-141\" data-elementor-post-type=\"page\">\n\t\t\t\t<div class=\"elementor-element elementor-element-ef24636 e-flex e-con-boxed elementor-invisible e-con e-parent\" data-id=\"ef24636\" data-element_type=\"container\" data-e-type=\"container\" data-settings=\"{&quot;background_background&quot;:&quot;classic&quot;,&quot;animation&quot;:&quot;fadeIn&quot;,&quot;jet_parallax_layout_list&quot;:[]}\">\n\t\t\t\t\t<div class=\"e-con-inner\">\n\t\t<div class=\"elementor-element elementor-element-285d6fe e-con-full e-flex e-con e-child\" data-id=\"285d6fe\" data-element_type=\"container\" data-e-type=\"container\" data-settings=\"{&quot;jet_parallax_layout_list&quot;:[]}\">\n\t\t<div class=\"elementor-element elementor-element-051399f e-con-full e-flex elementor-invisible e-con e-child\" data-id=\"051399f\" data-element_type=\"container\" data-e-type=\"container\" data-settings=\"{&quot;background_background&quot;:&quot;classic&quot;,&quot;animation&quot;:&quot;fadeInUp&quot;,&quot;jet_parallax_layout_list&quot;:[]}\">\n\t\t\t\t<div class=\"elementor-element elementor-element-7186f46 elementor-widget elementor-widget-heading\" data-id=\"7186f46\" data-element_type=\"widget\" data-e-type=\"widget\" data-widget_type=\"heading.default\">\n\t\t\t\t<div class=\"elementor-widget-container\">\n\t\t\t\t\t<h1 class=\"elementor-heading-title elementor-size-default\">About us<\/h1>\t\t\t\t<\/div>\n\t\t\t\t<\/div>\n\t\t\t\t<\/div>\n\t\t\t\t<\/div>\n\t\t\t\t\t<\/div>\n\t\t\t\t<\/div>\n\t\t<div class=\"elementor-element elementor-element-32ed27b e-flex e-con-boxed e-con e-parent\" data-id=\"32ed27b\" data-element_type=\"container\" data-e-type=\"container\" data-settings=\"{&quot;jet_parallax_layout_list&quot;:[]}\">\n\t\t\t\t\t<div class=\"e-con-inner\">\n\t\t<div class=\"elementor-element elementor-element-1fcd91a e-con-full e-flex e-con e-child\" data-id=\"1fcd91a\" data-element_type=\"container\" data-e-type=\"container\" data-settings=\"{&quot;jet_parallax_layout_list&quot;:[]}\">\n\t\t\t\t<div class=\"elementor-element elementor-element-861c99a elementor-widget elementor-widget-image\" data-id=\"861c99a\" data-element_type=\"widget\" data-e-type=\"widget\" data-widget_type=\"image.default\">\n\t\t\t\t<div class=\"elementor-widget-container\">\n\t\t\t\t\t\t\t\t\t\t\t\t\t\t\t<img fetchpriority=\"high\" decoding=\"async\" width=\"800\" height=\"1067\" src=\"https:\/\/xn--arquitecturaydiseo-30b.es\/wp-content\/uploads\/2024\/10\/IMG_0152.jpg\" class=\"attachment-full size-full wp-image-630\" alt=\"\" srcset=\"https:\/\/xn--arquitecturaydiseo-30b.es\/wp-content\/uploads\/2024\/10\/IMG_0152.jpg 800w, https:\/\/xn--arquitecturaydiseo-30b.es\/wp-content\/uploads\/2024\/10\/IMG_0152-225x300.jpg 225w, https:\/\/xn--arquitecturaydiseo-30b.es\/wp-content\/uploads\/2024\/10\/IMG_0152-768x1024.jpg 768w\" sizes=\"(max-width: 800px) 100vw, 800px\" \/>\t\t\t\t\t\t\t\t\t\t\t\t\t\t\t<\/div>\n\t\t\t\t<\/div>\n\t\t\t\t<\/div>\n\t\t<div class=\"elementor-element elementor-element-ebbbb18 e-con-full e-flex e-con e-child\" data-id=\"ebbbb18\" data-element_type=\"container\" data-e-type=\"container\" data-settings=\"{&quot;jet_parallax_layout_list&quot;:[]}\">\n\t\t\t\t<div class=\"elementor-element elementor-element-d346d70 elementor-invisible elementor-widget elementor-widget-text-editor\" data-id=\"d346d70\" data-element_type=\"widget\" data-e-type=\"widget\" data-settings=\"{&quot;_animation&quot;:&quot;fadeInUp&quot;}\" data-widget_type=\"text-editor.default\">\n\t\t\t\t<div class=\"elementor-widget-container\">\n\t\t\t\t\t\t\t\t\t<p>What sets us apart is our attention to detail and the conviction that no project is too small or too large to receive the same dedication and care.<\/p><p>We believe that the <strong>smooth communication with our customers<\/strong> is essential to achieving results that exceed their expectations. We work closely with them at every stage, maintaining a constant dialogue to ensure that their needs and desires are reflected in every aspect of project design and execution.<\/p>\t\t\t\t\t\t\t\t<\/div>\n\t\t\t\t<\/div>\n\t\t\t\t<\/div>\n\t\t\t\t\t<\/div>\n\t\t\t\t<\/div>\n\t\t<div class=\"elementor-element elementor-element-a58ddda e-flex e-con-boxed e-con e-parent\" data-id=\"a58ddda\" data-element_type=\"container\" data-e-type=\"container\" data-settings=\"{&quot;jet_parallax_layout_list&quot;:[]}\">\n\t\t\t\t\t<div class=\"e-con-inner\">\n\t\t<div class=\"elementor-element elementor-element-2e33a60 e-con-full e-flex e-con e-child\" data-id=\"2e33a60\" data-element_type=\"container\" data-e-type=\"container\" data-settings=\"{&quot;jet_parallax_layout_list&quot;:[]}\">\n\t\t\t\t<div class=\"elementor-element elementor-element-7dea324 elementor-invisible elementor-widget elementor-widget-heading\" data-id=\"7dea324\" data-element_type=\"widget\" data-e-type=\"widget\" data-settings=\"{&quot;_animation&quot;:&quot;fadeInUp&quot;}\" data-widget_type=\"heading.default\">\n\t\t\t\t<div class=\"elementor-widget-container\">\n\t\t\t\t\t<h2 class=\"elementor-heading-title elementor-size-default\">Our Philosophy<\/h2>\t\t\t\t<\/div>\n\t\t\t\t<\/div>\n\t\t\t\t<div class=\"elementor-element elementor-element-504f276 elementor-invisible elementor-widget elementor-widget-text-editor\" data-id=\"504f276\" data-element_type=\"widget\" data-e-type=\"widget\" data-settings=\"{&quot;_animation&quot;:&quot;fadeInUp&quot;}\" data-widget_type=\"text-editor.default\">\n\t\t\t\t<div class=\"elementor-widget-container\">\n\t\t\t\t\t\t\t\t\t<p>We feel that architecture is much more than designing structures; it is an opportunity to create spaces that improve the quality of life and excite those who inhabit them. We strive to achieve a perfect balance between aesthetics, functionality and sustainability, ensuring that each design is not only visually appealing, but also efficient and respectful of the environment. Every decision we make is guided by a strong commitment to the environment, always seeking innovative and sustainable solutions for each project, with the ultimate goal of creating architecture that excites and leaves a positive footprint.<\/p>\t\t\t\t\t\t\t\t<\/div>\n\t\t\t\t<\/div>\n\t\t\t\t<\/div>\n\t\t<div class=\"elementor-element elementor-element-ac1bee4 e-con-full e-flex e-con e-child\" data-id=\"ac1bee4\" data-element_type=\"container\" data-e-type=\"container\" data-settings=\"{&quot;jet_parallax_layout_list&quot;:[]}\">\n\t\t\t\t<div class=\"elementor-element elementor-element-476cf02 elementor-hidden-tablet elementor-hidden-mobile elementor-invisible elementor-widget elementor-widget-image\" data-id=\"476cf02\" data-element_type=\"widget\" data-e-type=\"widget\" data-settings=\"{&quot;_animation&quot;:&quot;fadeInRight&quot;}\" data-widget_type=\"image.default\">\n\t\t\t\t<div class=\"elementor-widget-container\">\n\t\t\t\t\t\t\t\t\t\t\t\t\t\t\t\t<a href=\"\/en\/\">\n\t\t\t\t\t\t\t<img decoding=\"async\" width=\"400\" height=\"378\" src=\"https:\/\/xn--arquitecturaydiseo-30b.es\/wp-content\/uploads\/2024\/06\/Logo-2024-400.png\" class=\"attachment-large size-large wp-image-92\" alt=\"logotipo\" srcset=\"https:\/\/xn--arquitecturaydiseo-30b.es\/wp-content\/uploads\/2024\/06\/Logo-2024-400.png 400w, https:\/\/xn--arquitecturaydiseo-30b.es\/wp-content\/uploads\/2024\/06\/Logo-2024-400-300x284.png 300w\" sizes=\"(max-width: 400px) 100vw, 400px\" \/>\t\t\t\t\t\t\t\t<\/a>\n\t\t\t\t\t\t\t\t\t\t\t\t\t\t\t<\/div>\n\t\t\t\t<\/div>\n\t\t\t\t<\/div>\n\t\t\t\t\t<\/div>\n\t\t\t\t<\/div>\n\t\t<div class=\"elementor-element elementor-element-03e25d3 e-flex e-con-boxed e-con e-parent\" data-id=\"03e25d3\" data-element_type=\"container\" data-e-type=\"container\" data-settings=\"{&quot;jet_parallax_layout_list&quot;:[]}\">\n\t\t\t\t\t<div class=\"e-con-inner\">\n\t\t<div class=\"elementor-element elementor-element-99dbd7d e-con-full e-flex e-con e-child\" data-id=\"99dbd7d\" data-element_type=\"container\" data-e-type=\"container\" data-settings=\"{&quot;jet_parallax_layout_list&quot;:[]}\">\n\t\t\t\t<div class=\"elementor-element elementor-element-7652087 elementor-hidden-tablet elementor-hidden-mobile elementor-widget__width-inherit elementor-invisible elementor-widget elementor-widget-image\" data-id=\"7652087\" data-element_type=\"widget\" data-e-type=\"widget\" data-settings=\"{&quot;_animation&quot;:&quot;fadeInLeft&quot;}\" data-widget_type=\"image.default\">\n\t\t\t\t<div class=\"elementor-widget-container\">\n\t\t\t\t\t\t\t\t\t\t\t\t\t\t\t<img decoding=\"async\" width=\"800\" height=\"1067\" src=\"https:\/\/xn--arquitecturaydiseo-30b.es\/wp-content\/uploads\/2024\/10\/IMG_8392.jpg\" class=\"attachment-full size-full wp-image-599\" alt=\"\" srcset=\"https:\/\/xn--arquitecturaydiseo-30b.es\/wp-content\/uploads\/2024\/10\/IMG_8392.jpg 800w, https:\/\/xn--arquitecturaydiseo-30b.es\/wp-content\/uploads\/2024\/10\/IMG_8392-225x300.jpg 225w, https:\/\/xn--arquitecturaydiseo-30b.es\/wp-content\/uploads\/2024\/10\/IMG_8392-768x1024.jpg 768w\" sizes=\"(max-width: 800px) 100vw, 800px\" \/>\t\t\t\t\t\t\t\t\t\t\t\t\t\t\t<\/div>\n\t\t\t\t<\/div>\n\t\t\t\t<\/div>\n\t\t<div class=\"elementor-element elementor-element-185e170 e-con-full e-flex e-con e-child\" data-id=\"185e170\" data-element_type=\"container\" data-e-type=\"container\" data-settings=\"{&quot;jet_parallax_layout_list&quot;:[]}\">\n\t\t\t\t<div class=\"elementor-element elementor-element-d85fdab elementor-invisible elementor-widget elementor-widget-heading\" data-id=\"d85fdab\" data-element_type=\"widget\" data-e-type=\"widget\" data-settings=\"{&quot;_animation&quot;:&quot;fadeInUp&quot;}\" data-widget_type=\"heading.default\">\n\t\t\t\t<div class=\"elementor-widget-container\">\n\t\t\t\t\t<h2 class=\"elementor-heading-title elementor-size-default\">Vision and Values<\/h2>\t\t\t\t<\/div>\n\t\t\t\t<\/div>\n\t\t\t\t<div class=\"elementor-element elementor-element-e134877 elementor-invisible elementor-widget elementor-widget-text-editor\" data-id=\"e134877\" data-element_type=\"widget\" data-e-type=\"widget\" data-settings=\"{&quot;_animation&quot;:&quot;fadeInUp&quot;}\" data-widget_type=\"text-editor.default\">\n\t\t\t\t<div class=\"elementor-widget-container\">\n\t\t\t\t\t\t\t\t\t<p>Our vision is to continue to be a benchmark company in the world of architecture and design, known for its <strong>innovation, quality and commitment<\/strong>. We are motivated by the satisfaction of our clients and the positive impact our projects have on their lives and the environment around them.<\/p>\t\t\t\t\t\t\t\t<\/div>\n\t\t\t\t<\/div>\n\t\t\t\t<\/div>\n\t\t\t\t\t<\/div>\n\t\t\t\t<\/div>\n\t\t\t\t<\/div>","protected":false},"excerpt":{"rendered":"<p>Sobre Nosotros Lo que nos distingue es nuestra atenci\u00f3n al detalle y la convicci\u00f3n de que ning\u00fan proyecto es demasiado peque\u00f1o o demasiado grande para recibir la misma dedicaci\u00f3n y cuidado. Creemos que la comunicaci\u00f3n fluida con nuestros clientes es esencial para lograr resultados que superen sus expectativas. Trabajamos estrechamente con ellos en cada fase, [&hellip;]<\/p>\n","protected":false},"author":2,"featured_media":0,"parent":0,"menu_order":0,"comment_status":"closed","ping_status":"closed","template":"","meta":{"_joinchat":[],"footnotes":""},"class_list":["post-141","page","type-page","status-publish","hentry"],"_links":{"self":[{"href":"https:\/\/xn--arquitecturaydiseo-30b.es\/en\/wp-json\/wp\/v2\/pages\/141","targetHints":{"allow":["GET"]}}],"collection":[{"href":"https:\/\/xn--arquitecturaydiseo-30b.es\/en\/wp-json\/wp\/v2\/pages"}],"about":[{"href":"https:\/\/xn--arquitecturaydiseo-30b.es\/en\/wp-json\/wp\/v2\/types\/page"}],"author":[{"embeddable":true,"href":"https:\/\/xn--arquitecturaydiseo-30b.es\/en\/wp-json\/wp\/v2\/users\/2"}],"replies":[{"embeddable":true,"href":"https:\/\/xn--arquitecturaydiseo-30b.es\/en\/wp-json\/wp\/v2\/comments?post=141"}],"version-history":[{"count":48,"href":"https:\/\/xn--arquitecturaydiseo-30b.es\/en\/wp-json\/wp\/v2\/pages\/141\/revisions"}],"predecessor-version":[{"id":856,"href":"https:\/\/xn--arquitecturaydiseo-30b.es\/en\/wp-json\/wp\/v2\/pages\/141\/revisions\/856"}],"wp:attachment":[{"href":"https:\/\/xn--arquitecturaydiseo-30b.es\/en\/wp-json\/wp\/v2\/media?parent=141"}],"curies":[{"name":"wp","href":"https:\/\/api.w.org\/{rel}","templated":true}]}}